{"id":1266,"date":"2014-12-17T10:46:28","date_gmt":"2014-12-17T09:46:28","guid":{"rendered":"http:\/\/www.chambre-hote-bonifacio.fr\/?page_id=1266"},"modified":"2015-06-10T10:13:36","modified_gmt":"2015-06-10T09:13:36","slug":"1266-2","status":"publish","type":"page","link":"https:\/\/chambre-hote-bonifacio.fr\/en\/1266-2\/","title":{"rendered":"Mentions l\u00e9gales"},"content":{"rendered":"<p>Le site de chambre-hote-bonifacio.fr est \u00e9dit\u00e9 par nos soins.<br \/>chambre-hote-bonifacio.fr se r\u00e9serve le droit de modifier \u00e0 tout instant les pr\u00e9sentes. Il vous est donc conseill\u00e9 de consulter r\u00e9guli\u00e8rement la derni\u00e8re version en vigueur. On entend par contenu du pr\u00e9sent site la structure g\u00e9n\u00e9rale, les textes, les images anim\u00e9es ou non, et les sons dont le site est compos\u00e9.<\/p>\n<p>Toute repr\u00e9sentation totale ou partielle de ce site et de son contenu, par quelques proc\u00e9d\u00e9s que ce soient, sans autorisation pr\u00e9alable \u00e9crite chambre-hote-bonifacio.fr, est interdite et constituerait une contrefa\u00e7on sanctionn\u00e9e par les articles L. 335-2 et suivants du Code de la propri\u00e9t\u00e9 intellectuelle. Du seul fait de sa connexion au site, l&#8217;utilisateur reconna\u00eet accepter chambre-hote-bonifacio.fr, une licence d&#8217;usage du Contenu du Site strictement limit\u00e9e aux conditions imp\u00e9ratives suivantes :<br \/>\u2022 La pr\u00e9sente licence, accord\u00e9e \u00e0 titre non exclusif, n&#8217;est pas transmissible \u00e0 un tiers.<br \/>\u2022 Le droit d&#8217;usage conf\u00e9r\u00e9 \u00e0 l&#8217;utilisateur est personnel et priv\u00e9, ce qui signifie que toute reproduction du contenu du site sur un quelconque support pour un usage collectif ou professionnel, m\u00eame en interne dans l&#8217;entreprise, est prohib\u00e9e. Il en est de m\u00eame pour toute communication de ce contenu par voie \u00e9lectronique, m\u00eame diffus\u00e9 en intranet ou en extranet d&#8217;entreprise.<br \/>\u2022 Cet usage comprend seulement l&#8217;autorisation de reproduire pour stockage aux fins de repr\u00e9sentation sur \u00e9cran monoposte et de reproduction en un exemplaire, pour copie de sauvegarde et tirage papier.<br \/>\u2022 Tout autre usage est soumis \u00e0 l&#8217;autorisation expresse pr\u00e9alable chambre-hote-bonifacio.fr.<\/p>\n<p>La violation de ces dispositions soumet le contrevenant et toutes personnes responsables aux peines p\u00e9nales et civiles pr\u00e9vues par la loi fran\u00e7aise. Conform\u00e9ment \u00e0 la loi du 6 janvier 1978 relative \u00e0 l&#8217;informatique, aux fichiers et aux libert\u00e9s, le site a fait l&#8217;objet d&#8217;une d\u00e9claration aupr\u00e8s de la Commission Nationale de l\u2019Informatique et des Libert\u00e9s (CNIL).<\/p>\n<p>Les utilisateurs du site chambre-hote-bonifacio.fr, sont tenus de respecter les dispositions de la loi informatique, fichiers et libert\u00e9s, dont la violation est passible de sanctions p\u00e9nales. Ils doivent notamment s&#8217;abstenir, s&#8217;agissant des informations nominatives auxquelles ils acc\u00e8dent, de toute collecte, de toute utilisation d\u00e9tourn\u00e9e, et d&#8217;une mani\u00e8re g\u00e9n\u00e9rale, de tout acte susceptible de porter atteinte \u00e0 la vie priv\u00e9e ou \u00e0 la r\u00e9putation des personnes.<\/p>\n<p>Conform\u00e9ment \u00e0 l&#8217;article 34 de la Loi \u00ab Informatique et Libert\u00e9s \u00bb n\u00b0 78-17 du 6 janvier 1978, vous disposez d&#8217;un droit d&#8217;acc\u00e8s, de modification, de rectification et de suppression des donn\u00e9es qui vous concernent. Vous pouvez l&#8217;exercer en adressant un courrier \u00e0 notre si\u00e8ge social.<br \/>Les liens hypertextes mis en place dans le cadre du pr\u00e9sent site web en direction d&#8217;autres ressources pr\u00e9sentes sur le r\u00e9seau Internet, ne sauraient engager la responsabilit\u00e9 chambre-hote-bonifacio.fr.<br \/>L&#8217;h\u00e9bergement du Site est assur\u00e9 par la soci\u00e9t\u00e9 France Visuel, dont le si\u00e8ge social est situ\u00e9 au 34 Avenue de la Gare, 33740 ARES.<br \/>SIRET : 517 869 236.<\/p>\n","protected":false},"excerpt":{"rendered":"<p>Le site de chambre-hote-bonifacio.fr est \u00e9dit\u00e9 par nos soins.chambre-hote-bonifacio.fr se r\u00e9serve le droit de modifier \u00e0 tout instant les pr\u00e9sentes. Il vous est donc conseill\u00e9 de consulter r\u00e9guli\u00e8rement la derni\u00e8re version en vigueur. On entend par contenu du pr\u00e9sent site la structure g\u00e9n\u00e9rale, les textes, les images anim\u00e9es ou non, et les sons dont le [&hellip;]<\/p>\n","protected":false},"author":2,"featured_media":0,"parent":0,"menu_order":27,"comment_status":"open","ping_status":"closed","template":"","meta":{"_acf_changed":false,"footnotes":""},"class_list":["post-1266","page","type-page","status-publish","hentry"],"acf":[],"_links":{"self":[{"href":"https:\/\/chambre-hote-bonifacio.fr\/en\/wp-json\/wp\/v2\/pages\/1266","targetHints":{"allow":["GET"]}}],"collection":[{"href":"https:\/\/chambre-hote-bonifacio.fr\/en\/wp-json\/wp\/v2\/pages"}],"about":[{"href":"https:\/\/chambre-hote-bonifacio.fr\/en\/wp-json\/wp\/v2\/types\/page"}],"author":[{"embeddable":true,"href":"https:\/\/chambre-hote-bonifacio.fr\/en\/wp-json\/wp\/v2\/users\/2"}],"replies":[{"embeddable":true,"href":"https:\/\/chambre-hote-bonifacio.fr\/en\/wp-json\/wp\/v2\/comments?post=1266"}],"version-history":[{"count":0,"href":"https:\/\/chambre-hote-bonifacio.fr\/en\/wp-json\/wp\/v2\/pages\/1266\/revisions"}],"wp:attachment":[{"href":"https:\/\/chambre-hote-bonifacio.fr\/en\/wp-json\/wp\/v2\/media?parent=1266"}],"curies":[{"name":"wp","href":"https:\/\/api.w.org\/{rel}","templated":true}]}}